{"id":55,"date":"2020-10-04T21:38:44","date_gmt":"2020-10-04T19:38:44","guid":{"rendered":"https:\/\/regardsetpartage.fr\/?page_id=55"},"modified":"2025-09-07T23:02:02","modified_gmt":"2025-09-07T21:02:02","slug":"les-activites","status":"publish","type":"page","link":"https:\/\/regardsetpartage.fr\/?page_id=55","title":{"rendered":"Les activit\u00e9s"},"content":{"rendered":"\n<p>De la sortie en ext\u00e9rieur jusqu&rsquo;\u00e0 l&rsquo;analyse des photos en passant par la retouche en post-production et les shooting studio, l&rsquo;association propose diff\u00e9rentes activit\u00e9s \u00e0 ses adh\u00e9rents.<\/p>\n\n\n\n<br>\n\n\n\n<p><strong>Sorties ext\u00e9rieures <\/strong><\/p>\n\n\n\n<p>Les sorties ext\u00e9rieures sont diverses :<\/p>\n\n\n\n<ul class=\"wp-block-list\">\n<li>Sorties de jour th\u00e9matis\u00e9es (architecture, nature, photos de rue, etc&#8230;) ;<\/li>\n\n\n\n<li>Sortie nocturnes (apprentissage des poses longues, march\u00e9s de no\u00ebl, etc&#8230;) ;<\/li>\n\n\n\n<li>Sur un lieu touristique.<\/li>\n<\/ul>\n\n\n\n<p>Certaines sorties n\u00e9cessitent un d\u00e9placement plus long. Dans ce cas, le format week-end photo est propos\u00e9.<\/p>\n\n\n\n<p>Pour certaines sorties, une participation suppl\u00e9mentaire peut \u00eatre demand\u00e9e.<\/p>\n\n\n\n<figure class=\"wp-block-image size-large\"><img fetchpriority=\"high\" decoding=\"async\" width=\"1024\" height=\"678\" src=\"https:\/\/regardsetpartage.fr\/wp-content\/uploads\/2020\/10\/DSC8665-1024x678.jpeg\" alt=\"\" class=\"wp-image-59\" srcset=\"https:\/\/regardsetpartage.fr\/wp-content\/uploads\/2020\/10\/DSC8665-1024x678.jpeg 1024w, https:\/\/regardsetpartage.fr\/wp-content\/uploads\/2020\/10\/DSC8665-300x199.jpeg 300w, https:\/\/regardsetpartage.fr\/wp-content\/uploads\/2020\/10\/DSC8665-768x509.jpeg 768w, https:\/\/regardsetpartage.fr\/wp-content\/uploads\/2020\/10\/DSC8665-1536x1018.jpeg 1536w, https:\/\/regardsetpartage.fr\/wp-content\/uploads\/2020\/10\/DSC8665-1870x1239.jpeg 1870w, https:\/\/regardsetpartage.fr\/wp-content\/uploads\/2020\/10\/DSC8665-400x265.jpeg 400w, https:\/\/regardsetpartage.fr\/wp-content\/uploads\/2020\/10\/DSC8665-800x530.jpeg 800w, https:\/\/regardsetpartage.fr\/wp-content\/uploads\/2020\/10\/DSC8665.jpeg 2000w\" sizes=\"(max-width: 1024px) 100vw, 1024px\" \/><\/figure>\n\n\n\n<br>\n\n\n\n<p><strong>Shooting en studio<\/strong><\/p>\n\n\n\n<p>Des shootings studios sont propos\u00e9s au cours de l&rsquo;ann\u00e9e avec du mat\u00e9riel appropri\u00e9 : des flash de type godox, des fonds, accessoires,  etc&#8230;<\/p>\n\n\n\n<p>Nous pouvons \u00e9galement faire appel \u00e0 des mod\u00e8les dans certains cas.<\/p>\n\n\n\n<figure class=\"wp-block-image size-large\"><img decoding=\"async\" width=\"1024\" height=\"678\" src=\"https:\/\/regardsetpartage.fr\/wp-content\/uploads\/2020\/10\/DSC8974-1024x678.jpeg\" alt=\"\" class=\"wp-image-62\" srcset=\"https:\/\/regardsetpartage.fr\/wp-content\/uploads\/2020\/10\/DSC8974-1024x678.jpeg 1024w, https:\/\/regardsetpartage.fr\/wp-content\/uploads\/2020\/10\/DSC8974-300x199.jpeg 300w, https:\/\/regardsetpartage.fr\/wp-content\/uploads\/2020\/10\/DSC8974-768x509.jpeg 768w, https:\/\/regardsetpartage.fr\/wp-content\/uploads\/2020\/10\/DSC8974-1536x1018.jpeg 1536w, https:\/\/regardsetpartage.fr\/wp-content\/uploads\/2020\/10\/DSC8974-1870x1239.jpeg 1870w, https:\/\/regardsetpartage.fr\/wp-content\/uploads\/2020\/10\/DSC8974-400x265.jpeg 400w, https:\/\/regardsetpartage.fr\/wp-content\/uploads\/2020\/10\/DSC8974-800x530.jpeg 800w, https:\/\/regardsetpartage.fr\/wp-content\/uploads\/2020\/10\/DSC8974.jpeg 2000w\" sizes=\"(max-width: 1024px) 100vw, 1024px\" \/><\/figure>\n\n\n\n<figure class=\"wp-block-image size-large\"><img decoding=\"async\" width=\"1024\" height=\"683\" src=\"https:\/\/regardsetpartage.fr\/wp-content\/uploads\/2020\/10\/DSC_4800-1024x683.jpeg\" alt=\"\" class=\"wp-image-102\" srcset=\"https:\/\/regardsetpartage.fr\/wp-content\/uploads\/2020\/10\/DSC_4800-1024x683.jpeg 1024w, https:\/\/regardsetpartage.fr\/wp-content\/uploads\/2020\/10\/DSC_4800-300x200.jpeg 300w, https:\/\/regardsetpartage.fr\/wp-content\/uploads\/2020\/10\/DSC_4800-768x512.jpeg 768w, https:\/\/regardsetpartage.fr\/wp-content\/uploads\/2020\/10\/DSC_4800-1536x1024.jpeg 1536w, https:\/\/regardsetpartage.fr\/wp-content\/uploads\/2020\/10\/DSC_4800-2048x1365.jpeg 2048w, https:\/\/regardsetpartage.fr\/wp-content\/uploads\/2020\/10\/DSC_4800-1870x1247.jpeg 1870w, https:\/\/regardsetpartage.fr\/wp-content\/uploads\/2020\/10\/DSC_4800-400x267.jpeg 400w, https:\/\/regardsetpartage.fr\/wp-content\/uploads\/2020\/10\/DSC_4800-800x533.jpeg 800w\" sizes=\"(max-width: 1024px) 100vw, 1024px\" \/><\/figure>\n\n\n\n<br>\n\n\n\n<p><strong>Soir\u00e9es critiques<\/strong><\/p>\n\n\n\n<p>Nous nous r\u00e9unissons en toute convivialit\u00e9 r\u00e9guli\u00e8rement en soir\u00e9e afin de soumettre une ou plusieurs photos aux regards des autres. L&rsquo;objectif \u00e9tant d&rsquo;\u00e9changer en direct et discuter sur les axes d\u2019am\u00e9lioration possibles. <\/p>\n\n\n\n<figure class=\"wp-block-image size-large\"><img loading=\"lazy\" decoding=\"async\" width=\"1024\" height=\"678\" src=\"https:\/\/regardsetpartage.fr\/wp-content\/uploads\/2020\/10\/DSC_2611-1024x678.jpeg\" alt=\"\" class=\"wp-image-61\" srcset=\"https:\/\/regardsetpartage.fr\/wp-content\/uploads\/2020\/10\/DSC_2611-1024x678.jpeg 1024w, https:\/\/regardsetpartage.fr\/wp-content\/uploads\/2020\/10\/DSC_2611-300x199.jpeg 300w, https:\/\/regardsetpartage.fr\/wp-content\/uploads\/2020\/10\/DSC_2611-768x509.jpeg 768w, https:\/\/regardsetpartage.fr\/wp-content\/uploads\/2020\/10\/DSC_2611-1536x1017.jpeg 1536w, https:\/\/regardsetpartage.fr\/wp-content\/uploads\/2020\/10\/DSC_2611-2048x1356.jpeg 2048w, https:\/\/regardsetpartage.fr\/wp-content\/uploads\/2020\/10\/DSC_2611-1870x1239.jpeg 1870w, https:\/\/regardsetpartage.fr\/wp-content\/uploads\/2020\/10\/DSC_2611-400x265.jpeg 400w, https:\/\/regardsetpartage.fr\/wp-content\/uploads\/2020\/10\/DSC_2611-800x530.jpeg 800w\" sizes=\"(max-width: 1024px) 100vw, 1024px\" \/><\/figure>\n\n\n\n<br>\n\n\n\n<p><strong>Cours th\u00e9oriques<\/strong><\/p>\n\n\n\n<p>M\u00eame si la pratique permet de progresser rapidement, il est important de se poser de temps en temps pour prendre connaissance de son mat\u00e9riel et des outils de post-production (application de retouche photo, gestion du workflow, etc&#8230;).<\/p>\n\n\n\n<p>Il peut arriver de faire appel \u00e0 un intervenant ext\u00e9rieur pour compl\u00e9ter les connaissances du groupe.<\/p>\n\n\n\n<figure class=\"wp-block-image size-large\"><img loading=\"lazy\" decoding=\"async\" width=\"1024\" height=\"678\" src=\"https:\/\/regardsetpartage.fr\/wp-content\/uploads\/2020\/10\/DSC_2982-1-1024x678.jpeg\" alt=\"\" class=\"wp-image-63\" srcset=\"https:\/\/regardsetpartage.fr\/wp-content\/uploads\/2020\/10\/DSC_2982-1-1024x678.jpeg 1024w, https:\/\/regardsetpartage.fr\/wp-content\/uploads\/2020\/10\/DSC_2982-1-300x199.jpeg 300w, https:\/\/regardsetpartage.fr\/wp-content\/uploads\/2020\/10\/DSC_2982-1-768x509.jpeg 768w, https:\/\/regardsetpartage.fr\/wp-content\/uploads\/2020\/10\/DSC_2982-1-1536x1017.jpeg 1536w, https:\/\/regardsetpartage.fr\/wp-content\/uploads\/2020\/10\/DSC_2982-1-2048x1356.jpeg 2048w, https:\/\/regardsetpartage.fr\/wp-content\/uploads\/2020\/10\/DSC_2982-1-1870x1239.jpeg 1870w, https:\/\/regardsetpartage.fr\/wp-content\/uploads\/2020\/10\/DSC_2982-1-400x265.jpeg 400w, https:\/\/regardsetpartage.fr\/wp-content\/uploads\/2020\/10\/DSC_2982-1-800x530.jpeg 800w\" sizes=\"(max-width: 1024px) 100vw, 1024px\" \/><\/figure>\n\n\n\n<br>\n\n\n\n<p><strong>Organisation d&rsquo;exposition<\/strong><\/p>\n\n\n\n<p>Parce qu&rsquo;il est important de montrer ses photos et les soumettre aux yeux du grand public, nous organisons des expositions photos.<\/p>\n\n\n\n<figure class=\"wp-block-image size-large\"><img loading=\"lazy\" decoding=\"async\" width=\"1024\" height=\"768\" src=\"https:\/\/regardsetpartage.fr\/wp-content\/uploads\/2020\/10\/IMG_6101-1024x768.jpeg\" alt=\"\" class=\"wp-image-65\" srcset=\"https:\/\/regardsetpartage.fr\/wp-content\/uploads\/2020\/10\/IMG_6101-1024x768.jpeg 1024w, https:\/\/regardsetpartage.fr\/wp-content\/uploads\/2020\/10\/IMG_6101-300x225.jpeg 300w, https:\/\/regardsetpartage.fr\/wp-content\/uploads\/2020\/10\/IMG_6101-768x576.jpeg 768w, https:\/\/regardsetpartage.fr\/wp-content\/uploads\/2020\/10\/IMG_6101-1536x1152.jpeg 1536w, https:\/\/regardsetpartage.fr\/wp-content\/uploads\/2020\/10\/IMG_6101-2048x1536.jpeg 2048w, https:\/\/regardsetpartage.fr\/wp-content\/uploads\/2020\/10\/IMG_6101-1870x1403.jpeg 1870w, https:\/\/regardsetpartage.fr\/wp-content\/uploads\/2020\/10\/IMG_6101-400x300.jpeg 400w, https:\/\/regardsetpartage.fr\/wp-content\/uploads\/2020\/10\/IMG_6101-800x600.jpeg 800w\" sizes=\"(max-width: 1024px) 100vw, 1024px\" \/><\/figure>\n\n\n\n<p><a href=\"https:\/\/regardsetpartage.fr\/?page_id=4582\" data-type=\"link\" data-id=\"https:\/\/regardsetpartage.fr\/?page_id=4582\">Consulter le planning >>><\/a><\/p>\n","protected":false},"excerpt":{"rendered":"<p>De la sortie en ext\u00e9rieur jusqu&rsquo;\u00e0 l&rsquo;analyse des photos en passant par la retouche en post-production et les shooting studio, l&rsquo;association propose diff\u00e9rentes activit\u00e9s \u00e0 ses adh\u00e9rents. Sorties ext\u00e9rieures Les sorties ext\u00e9rieures sont diverses : Certaines sorties n\u00e9cessitent un d\u00e9placement plus long. Dans ce cas, le format week-end photo est propos\u00e9. Pour certaines sorties, une [&hellip;]<\/p>\n","protected":false},"author":1,"featured_media":0,"parent":0,"menu_order":0,"comment_status":"closed","ping_status":"closed","template":"","meta":{"footnotes":""},"class_list":["post-55","page","type-page","status-publish","hentry","missing-thumbnail"],"_links":{"self":[{"href":"https:\/\/regardsetpartage.fr\/index.php?rest_route=\/wp\/v2\/pages\/55","targetHints":{"allow":["GET"]}}],"collection":[{"href":"https:\/\/regardsetpartage.fr\/index.php?rest_route=\/wp\/v2\/pages"}],"about":[{"href":"https:\/\/regardsetpartage.fr\/index.php?rest_route=\/wp\/v2\/types\/page"}],"author":[{"embeddable":true,"href":"https:\/\/regardsetpartage.fr\/index.php?rest_route=\/wp\/v2\/users\/1"}],"replies":[{"embeddable":true,"href":"https:\/\/regardsetpartage.fr\/index.php?rest_route=%2Fwp%2Fv2%2Fcomments&post=55"}],"version-history":[{"count":5,"href":"https:\/\/regardsetpartage.fr\/index.php?rest_route=\/wp\/v2\/pages\/55\/revisions"}],"predecessor-version":[{"id":5773,"href":"https:\/\/regardsetpartage.fr\/index.php?rest_route=\/wp\/v2\/pages\/55\/revisions\/5773"}],"wp:attachment":[{"href":"https:\/\/regardsetpartage.fr\/index.php?rest_route=%2Fwp%2Fv2%2Fmedia&parent=55"}],"curies":[{"name":"wp","href":"https:\/\/api.w.org\/{rel}","templated":true}]}}