{"id":4582,"date":"2024-09-16T17:03:51","date_gmt":"2024-09-16T15:03:51","guid":{"rendered":"https:\/\/regardsetpartage.fr\/?page_id=4582"},"modified":"2025-09-07T22:50:31","modified_gmt":"2025-09-07T20:50:31","slug":"calendrier-des-evenements-sorties","status":"publish","type":"page","link":"https:\/\/regardsetpartage.fr\/?page_id=4582","title":{"rendered":"\u00c9v\u00e8nements et Sorties"},"content":{"rendered":"\n<p>Une sortie par mois est organis\u00e9 (en g\u00e9n\u00e9ral plut\u00f4t le dimanche) suivi d\u2019une r\u00e9union par mois le vendredi soir de 19h \u00e0 22h00.<br>Les r\u00e9unions se tiennent \u00e0 la Salle Florence Arthaud au 5 rue Pauline Kermogard 95150 TAVERNY.<\/p>\n\n\n\n<hr class=\"wp-block-separator has-alpha-channel-opacity\"\/>\n\n\n\n<p>Nous vous remercions de confirmer votre pr\u00e9sence pour chaque sortie en la r\u00e9servant directement.<br>Cela permet \u00e0 l&rsquo;organisateur de la sortie d&rsquo;avoir la liste des personnes pr\u00e9sentes le jour J et, dans le cas \u00e9ch\u00e9ant, organiser le covoiturage.<\/p>\n\n\n\n<p>En revanche, il n&rsquo;est pas n\u00e9cessaire de r\u00e9server une r\u00e9union.<\/p>\n\n\n<script>\n  if (typeof hasAmeliaEvent === 'undefined') {\n    var hasAmeliaEvent = true;\n  }\n  if (typeof hasEventApiCall === 'undefined' && ('' === '' && '' !== '1')) {\n    var hasEventApiCall = true;\n  }\n  var hasEventShortcode = (typeof hasEventShortcode === 'undefined') ? false : true;\n  var ameliaShortcodeData = (typeof ameliaShortcodeData === 'undefined') ? [] : ameliaShortcodeData;\n  ameliaShortcodeData.push(\n    {\n      'hasApiCall': (typeof hasEventApiCall !== 'undefined') && hasEventApiCall,\n      'trigger': '',\n      'trigger_type': '',\n      'triggered_form': 'elf',\n      'in_dialog': '',\n      'counter': '1000',\n      'employee': '',\n      'eventId': '',\n      'eventRecurring': 0,\n      'eventTag': \"\",\n      'locationId': \"\"\n    }\n  );\n  var ameliaShortcodeDataTriggered = (typeof ameliaShortcodeDataTriggered === 'undefined') ? [] : ameliaShortcodeDataTriggered;\n  if (ameliaShortcodeData[ameliaShortcodeData.length - 1].trigger !== '') {\n    if (ameliaShortcodeDataTriggered.filter(a => a.counter === ameliaShortcodeData[ameliaShortcodeData.length - 1].counter).length === 0) {\n      ameliaShortcodeDataTriggered.push(ameliaShortcodeData.pop());\n    } else {\n      ameliaShortcodeData.pop()\n    }\n  }\n  if (typeof hasEventApiCall !== 'undefined' && hasEventApiCall) {\n    hasEventApiCall = false;\n  }\n<\/script>\n\n<div\n  id=\"amelia-v2-booking-1000\"\n  class=\"amelia-v2-booking\"\n>\n    <events-list-form-wrapper><\/div>\n\n\n\n<p><\/p>\n","protected":false},"excerpt":{"rendered":"<p>Une sortie par mois est organis\u00e9 (en g\u00e9n\u00e9ral plut\u00f4t le dimanche) suivi d\u2019une r\u00e9union par mois le vendredi soir de 19h \u00e0 22h00.Les r\u00e9unions se tiennent \u00e0 la Salle Florence Arthaud au 5 rue Pauline Kermogard 95150 TAVERNY. Nous vous remercions de confirmer votre pr\u00e9sence pour chaque sortie en la r\u00e9servant directement.Cela permet \u00e0 l&rsquo;organisateur [&hellip;]<\/p>\n","protected":false},"author":1,"featured_media":0,"parent":0,"menu_order":0,"comment_status":"closed","ping_status":"closed","template":"","meta":{"footnotes":""},"class_list":["post-4582","page","type-page","status-publish","hentry","missing-thumbnail"],"_links":{"self":[{"href":"https:\/\/regardsetpartage.fr\/index.php?rest_route=\/wp\/v2\/pages\/4582","targetHints":{"allow":["GET"]}}],"collection":[{"href":"https:\/\/regardsetpartage.fr\/index.php?rest_route=\/wp\/v2\/pages"}],"about":[{"href":"https:\/\/regardsetpartage.fr\/index.php?rest_route=\/wp\/v2\/types\/page"}],"author":[{"embeddable":true,"href":"https:\/\/regardsetpartage.fr\/index.php?rest_route=\/wp\/v2\/users\/1"}],"replies":[{"embeddable":true,"href":"https:\/\/regardsetpartage.fr\/index.php?rest_route=%2Fwp%2Fv2%2Fcomments&post=4582"}],"version-history":[{"count":6,"href":"https:\/\/regardsetpartage.fr\/index.php?rest_route=\/wp\/v2\/pages\/4582\/revisions"}],"predecessor-version":[{"id":5768,"href":"https:\/\/regardsetpartage.fr\/index.php?rest_route=\/wp\/v2\/pages\/4582\/revisions\/5768"}],"wp:attachment":[{"href":"https:\/\/regardsetpartage.fr\/index.php?rest_route=%2Fwp%2Fv2%2Fmedia&parent=4582"}],"curies":[{"name":"wp","href":"https:\/\/api.w.org\/{rel}","templated":true}]}}