{"id":3985,"date":"2024-05-17T21:24:30","date_gmt":"2024-05-17T19:24:30","guid":{"rendered":"https:\/\/regardsetpartage.fr\/?page_id=3985"},"modified":"2025-09-08T21:07:04","modified_gmt":"2025-09-08T19:07:04","slug":"informations-importantes","status":"publish","type":"page","link":"https:\/\/regardsetpartage.fr\/?page_id=3985","title":{"rendered":"Informations importantes"},"content":{"rendered":"\n<p class=\"has-large-font-size\"><strong>Inscriptions 2025-2026 :<\/strong><\/p>\n\n\n\n<p>Les inscriptions pour la saison 2025-2026 sont <strong>ouvertes<\/strong>.<\/p>\n\n\n\n<p>Pour les adh\u00e9sions de la saison 2025-2026, l&rsquo;inscription se fera directement en ligne via la page d\u00e9di\u00e9e :<\/p>\n\n\n\n<div class=\"wp-block-buttons is-layout-flex wp-block-buttons-is-layout-flex\">\n<div class=\"wp-block-button\"><a class=\"wp-block-button__link wp-element-button\" href=\"https:\/\/docs.google.com\/forms\/d\/e\/1FAIpQLSf6Ka_2bW8-EntlKYVfVcXZjLnSTQ_Yqh_IshqzoNORsW6Kbg\/viewform?usp=header\" target=\"_blank\" rel=\"noreferrer noopener\">Inscription 2025-2026<\/a><\/div>\n<\/div>\n\n\n\n<p>La cotisation annuelle est de 50\u20ac.<\/p>\n\n\n\n<p>Le nombre de place est limit\u00e9 \u00e0 10 membres.<\/p>\n\n\n\n<p>La premi\u00e8re sortie du 28\/09 dans les Jardins de Versailles est un premier cours gratuit (hors billet d&rsquo;entr\u00e9e \u00e0 votre charge) qui vous permettra de vous familiariser avec le groupe et la m\u00e9thodologie de cours.<\/p>\n\n\n\n<p>Le calendrier de l&rsquo;ann\u00e9e est disponible ici :<\/p>\n\n\n\n<div class=\"wp-block-buttons is-layout-flex wp-block-buttons-is-layout-flex\">\n<div class=\"wp-block-button\"><a class=\"wp-block-button__link wp-element-button\" href=\"https:\/\/regardsetpartage.fr\/?page_id=4582\">Acc\u00e9der \u00e0 l&rsquo;agenda des sorties<\/a><\/div>\n<\/div>\n\n\n\n<hr class=\"wp-block-separator has-alpha-channel-opacity\"\/>\n\n\n\n<p class=\"has-large-font-size\"><strong>Ajout d&rsquo;un shooting : Les Open du Style \u00e0 Taverny<\/strong><\/p>\n\n\n\n<figure class=\"wp-block-image size-full is-resized\"><img fetchpriority=\"high\" decoding=\"async\" width=\"1020\" height=\"1000\" src=\"https:\/\/regardsetpartage.fr\/wp-content\/uploads\/2025\/09\/LODS-violet.png\" alt=\"\" class=\"wp-image-5795\" style=\"width:208px;height:auto\" srcset=\"https:\/\/regardsetpartage.fr\/wp-content\/uploads\/2025\/09\/LODS-violet.png 1020w, https:\/\/regardsetpartage.fr\/wp-content\/uploads\/2025\/09\/LODS-violet-300x294.png 300w, https:\/\/regardsetpartage.fr\/wp-content\/uploads\/2025\/09\/LODS-violet-768x753.png 768w, https:\/\/regardsetpartage.fr\/wp-content\/uploads\/2025\/09\/LODS-violet-400x392.png 400w, https:\/\/regardsetpartage.fr\/wp-content\/uploads\/2025\/09\/LODS-violet-800x784.png 800w\" sizes=\"(max-width: 1020px) 100vw, 1020px\" \/><\/figure>\n\n\n\n<p>Nous participerons aux Open Du Style \u00e0 Taverny au th\u00e9\u00e2tre Madeleine-Renaud (<a href=\"https:\/\/www.google.com\/maps\/place\/\/data=!4m2!3m1!1s0x47e66750a7935043:0xc88aaac30a55fdda?sa=X&amp;ved=1t:8290&amp;ictx=111\">6 Rue du Chemin Vert de Boissy, 95150 Taverny<\/a>) au titre de la couverture photographique.<\/p>\n\n\n\n<p><strong>Programme :<\/strong><br>10h30-12h : Qualifications<br>12h-13h : D\u00e9jeuner (offert par l&rsquo;association Zisiz)<br>13h : ouverture au public<br>14h : D\u00e9but de l&rsquo;\u00e9v\u00e8nement : Battle 1\u00e8re partie &#8211; Jam &#8211; Battle 2\u00e8me partie<br>18h : Fin<\/p>\n\n\n\n<p><a href=\"https:\/\/www.zisiz.fr\/lods\/\" data-type=\"link\" data-id=\"https:\/\/www.zisiz.fr\/lods\/\" target=\"_blank\" rel=\"noreferrer noopener\">Plus d&rsquo;infos sur l&rsquo;\u00e9v\u00e8nement<\/a><\/p>\n\n\n\n<p><\/p>\n","protected":false},"excerpt":{"rendered":"<p>Inscriptions 2025-2026 : Les inscriptions pour la saison 2025-2026 sont ouvertes. Pour les adh\u00e9sions de la saison 2025-2026, l&rsquo;inscription se fera directement en ligne via la page d\u00e9di\u00e9e : La cotisation annuelle est de 50\u20ac. Le nombre de place est limit\u00e9 \u00e0 10 membres. La premi\u00e8re sortie du 28\/09 dans les Jardins de Versailles est [&hellip;]<\/p>\n","protected":false},"author":1,"featured_media":0,"parent":0,"menu_order":0,"comment_status":"closed","ping_status":"closed","template":"","meta":{"footnotes":""},"class_list":["post-3985","page","type-page","status-publish","hentry","missing-thumbnail"],"_links":{"self":[{"href":"https:\/\/regardsetpartage.fr\/index.php?rest_route=\/wp\/v2\/pages\/3985","targetHints":{"allow":["GET"]}}],"collection":[{"href":"https:\/\/regardsetpartage.fr\/index.php?rest_route=\/wp\/v2\/pages"}],"about":[{"href":"https:\/\/regardsetpartage.fr\/index.php?rest_route=\/wp\/v2\/types\/page"}],"author":[{"embeddable":true,"href":"https:\/\/regardsetpartage.fr\/index.php?rest_route=\/wp\/v2\/users\/1"}],"replies":[{"embeddable":true,"href":"https:\/\/regardsetpartage.fr\/index.php?rest_route=%2Fwp%2Fv2%2Fcomments&post=3985"}],"version-history":[{"count":11,"href":"https:\/\/regardsetpartage.fr\/index.php?rest_route=\/wp\/v2\/pages\/3985\/revisions"}],"predecessor-version":[{"id":5796,"href":"https:\/\/regardsetpartage.fr\/index.php?rest_route=\/wp\/v2\/pages\/3985\/revisions\/5796"}],"wp:attachment":[{"href":"https:\/\/regardsetpartage.fr\/index.php?rest_route=%2Fwp%2Fv2%2Fmedia&parent=3985"}],"curies":[{"name":"wp","href":"https:\/\/api.w.org\/{rel}","templated":true}]}}