{"id":2023,"date":"2023-11-11T16:39:00","date_gmt":"2023-11-11T15:39:00","guid":{"rendered":"https:\/\/regardsetpartage.fr\/?page_id=2023"},"modified":"2025-01-25T15:21:11","modified_gmt":"2025-01-25T14:21:11","slug":"quels-logiciels-de-retouche-utiliser","status":"publish","type":"page","link":"https:\/\/regardsetpartage.fr\/?page_id=2023","title":{"rendered":"Quels logiciels de retouche utiliser ?"},"content":{"rendered":"\n<p>Nous invitons les membres \u00e0 t\u00e9l\u00e9charger les logiciels de retouche suivants :<\/p>\n\n\n\n<figure class=\"wp-block-image size-full\"><img fetchpriority=\"high\" decoding=\"async\" width=\"918\" height=\"516\" src=\"https:\/\/regardsetpartage.fr\/wp-content\/uploads\/2023\/11\/Lightroom.jpeg\" alt=\"\" class=\"wp-image-2024\" srcset=\"https:\/\/regardsetpartage.fr\/wp-content\/uploads\/2023\/11\/Lightroom.jpeg 918w, https:\/\/regardsetpartage.fr\/wp-content\/uploads\/2023\/11\/Lightroom-300x169.jpeg 300w, https:\/\/regardsetpartage.fr\/wp-content\/uploads\/2023\/11\/Lightroom-768x432.jpeg 768w, https:\/\/regardsetpartage.fr\/wp-content\/uploads\/2023\/11\/Lightroom-400x225.jpeg 400w, https:\/\/regardsetpartage.fr\/wp-content\/uploads\/2023\/11\/Lightroom-800x450.jpeg 800w\" sizes=\"(max-width: 918px) 100vw, 918px\" \/><\/figure>\n\n\n\n<p><strong>Lightroom ou Lightroom Classic<br><\/strong>Nous vous conseillons d&rsquo;opter pour le pack Creative Cloud pour la photo incluant Lightroom, Lighroom Classic et Photoshop :<\/p>\n\n\n\n<figure class=\"wp-block-image size-full is-resized\"><img decoding=\"async\" width=\"630\" height=\"982\" src=\"https:\/\/regardsetpartage.fr\/wp-content\/uploads\/2023\/11\/Formule.png\" alt=\"\" class=\"wp-image-2026\" style=\"width:258px;height:auto\" srcset=\"https:\/\/regardsetpartage.fr\/wp-content\/uploads\/2023\/11\/Formule.png 630w, https:\/\/regardsetpartage.fr\/wp-content\/uploads\/2023\/11\/Formule-192x300.png 192w, https:\/\/regardsetpartage.fr\/wp-content\/uploads\/2023\/11\/Formule-400x623.png 400w\" sizes=\"(max-width: 630px) 100vw, 630px\" \/><\/figure>\n\n\n\n<p><a href=\"https:\/\/www.adobe.com\/fr\/creativecloud\/plans.html?filter=photography&amp;plan=individual\" data-type=\"link\" data-id=\"https:\/\/www.adobe.com\/fr\/creativecloud\/plans.html?filter=photography&amp;plan=individual\">Plus d&rsquo;informations ici &gt;&gt;&gt;<\/a><\/p>\n\n\n\n<hr class=\"wp-block-separator has-alpha-channel-opacity\"\/>\n\n\n\n<figure class=\"wp-block-image size-full is-resized\"><img decoding=\"async\" width=\"309\" height=\"163\" src=\"https:\/\/regardsetpartage.fr\/wp-content\/uploads\/2023\/11\/Camera-raw.jpeg\" alt=\"\" class=\"wp-image-2028\" style=\"width:716px;height:auto\" srcset=\"https:\/\/regardsetpartage.fr\/wp-content\/uploads\/2023\/11\/Camera-raw.jpeg 309w, https:\/\/regardsetpartage.fr\/wp-content\/uploads\/2023\/11\/Camera-raw-300x158.jpeg 300w\" sizes=\"(max-width: 309px) 100vw, 309px\" \/><\/figure>\n\n\n\n<p><strong>Camera Raw<\/strong><br>Camera Raw d&rsquo;Adobe propose les fonctionnalit\u00e9s de base de retouche et suffit amplement pour les retouches simples. L&rsquo;avantage : il est compl\u00e8tement gratuit !<\/p>\n\n\n\n<figure class=\"wp-block-image size-large is-resized\"><img loading=\"lazy\" decoding=\"async\" width=\"1024\" height=\"640\" src=\"https:\/\/regardsetpartage.fr\/wp-content\/uploads\/2023\/11\/camera-raw-filter-photoshop-final-tweaks-1024x640.webp\" alt=\"\" class=\"wp-image-2029\" style=\"width:708px;height:auto\" srcset=\"https:\/\/regardsetpartage.fr\/wp-content\/uploads\/2023\/11\/camera-raw-filter-photoshop-final-tweaks-1024x640.webp 1024w, https:\/\/regardsetpartage.fr\/wp-content\/uploads\/2023\/11\/camera-raw-filter-photoshop-final-tweaks-300x188.webp 300w, https:\/\/regardsetpartage.fr\/wp-content\/uploads\/2023\/11\/camera-raw-filter-photoshop-final-tweaks-768x480.webp 768w, https:\/\/regardsetpartage.fr\/wp-content\/uploads\/2023\/11\/camera-raw-filter-photoshop-final-tweaks-400x250.webp 400w, https:\/\/regardsetpartage.fr\/wp-content\/uploads\/2023\/11\/camera-raw-filter-photoshop-final-tweaks-800x500.webp 800w, https:\/\/regardsetpartage.fr\/wp-content\/uploads\/2023\/11\/camera-raw-filter-photoshop-final-tweaks.webp 1500w\" sizes=\"(max-width: 1024px) 100vw, 1024px\" \/><\/figure>\n\n\n\n<p><a href=\"https:\/\/helpx.adobe.com\/fr\/camera-raw\/kb\/camera-raw-plug-in-installer.html\">Plus d&rsquo;informations ici &gt;&gt;&gt;<\/a><\/p>\n\n\n\n<hr class=\"wp-block-separator has-alpha-channel-opacity\"\/>\n\n\n\n<figure class=\"wp-block-image size-large is-resized wp-duotone-unset-1\"><img decoding=\"async\" src=\"https:\/\/darktable.fr\/images\/logo.png\" alt=\"\" style=\"width:161px;height:auto\"\/><\/figure>\n\n\n\n<p><strong>Darktable<\/strong><\/p>\n\n\n\n<p><strong>darktable<\/strong>\u00a0est un\u00a0logiciel libre\u00a0de traitement d&rsquo;image non-destructif et sans perte, principalement ax\u00e9 sur le traitement de photographies num\u00e9riques brutes de capteur (raw), mais il supporte aussi les fichiers HDR (OpenEXR) et rasteris\u00e9s (TIFF, JPEG,\u00a0JPEG 2000, PNG,\u00a0WebP, PPM, AVIF, HEIF\/HEIC), en entr\u00e9e comme en sortie.<\/p>\n\n\n\n<p><a href=\"https:\/\/darktable.fr\" target=\"_blank\" rel=\"noreferrer noopener\">Plus d&rsquo;informations ici >>><\/a><\/p>\n\n\n\n<hr class=\"wp-block-separator has-alpha-channel-opacity\"\/>\n\n\n\n<figure class=\"wp-block-image size-large\"><img decoding=\"async\" src=\"https:\/\/upload.wikimedia.org\/wikipedia\/commons\/a\/a7\/Rawtherapee_logo_black_blur_100.png\" alt=\"\"\/><\/figure>\n\n\n\n<p><strong>RawTherapee<\/strong><\/p>\n\n\n\n<p><br><strong>RawTherapee<\/strong>\u00a0est un\u00a0logiciel libre\u00a0de\u00a0traitement d&rsquo;images\u00a0photographiques num\u00e9riques, permettant de traiter des images au\u00a0format brut, telles que fournies par le\u00a0capteur photographique, et que l&rsquo;on trouve sur\u00a0appareil photographique reflex num\u00e9rique, et parfois sur certains\u00a0hybrides\u00a0ou\u00a0compacts, et dont le but est de minimiser les pertes de qualit\u00e9 lors du traitement.<\/p>\n\n\n\n<p><a href=\"https:\/\/www.rawtherapee.com\" target=\"_blank\" rel=\"noreferrer noopener\">Plus d&rsquo;informations ici >>><\/a><\/p>\n","protected":false},"excerpt":{"rendered":"<p>Nous invitons les membres \u00e0 t\u00e9l\u00e9charger les logiciels de retouche suivants : Lightroom ou Lightroom ClassicNous vous conseillons d&rsquo;opter pour le pack Creative Cloud pour la photo incluant Lightroom, Lighroom Classic et Photoshop : Plus d&rsquo;informations ici &gt;&gt;&gt; Camera RawCamera Raw d&rsquo;Adobe propose les fonctionnalit\u00e9s de base de retouche et suffit amplement pour les retouches [&hellip;]<\/p>\n","protected":false},"author":1,"featured_media":0,"parent":0,"menu_order":0,"comment_status":"closed","ping_status":"closed","template":"","meta":{"footnotes":""},"class_list":["post-2023","page","type-page","status-publish","hentry","missing-thumbnail"],"_links":{"self":[{"href":"https:\/\/regardsetpartage.fr\/index.php?rest_route=\/wp\/v2\/pages\/2023","targetHints":{"allow":["GET"]}}],"collection":[{"href":"https:\/\/regardsetpartage.fr\/index.php?rest_route=\/wp\/v2\/pages"}],"about":[{"href":"https:\/\/regardsetpartage.fr\/index.php?rest_route=\/wp\/v2\/types\/page"}],"author":[{"embeddable":true,"href":"https:\/\/regardsetpartage.fr\/index.php?rest_route=\/wp\/v2\/users\/1"}],"replies":[{"embeddable":true,"href":"https:\/\/regardsetpartage.fr\/index.php?rest_route=%2Fwp%2Fv2%2Fcomments&post=2023"}],"version-history":[{"count":2,"href":"https:\/\/regardsetpartage.fr\/index.php?rest_route=\/wp\/v2\/pages\/2023\/revisions"}],"predecessor-version":[{"id":5034,"href":"https:\/\/regardsetpartage.fr\/index.php?rest_route=\/wp\/v2\/pages\/2023\/revisions\/5034"}],"wp:attachment":[{"href":"https:\/\/regardsetpartage.fr\/index.php?rest_route=%2Fwp%2Fv2%2Fmedia&parent=2023"}],"curies":[{"name":"wp","href":"https:\/\/api.w.org\/{rel}","templated":true}]}}